{"id":111,"date":"2026-03-07T21:08:43","date_gmt":"2026-03-07T21:08:43","guid":{"rendered":"https:\/\/aischdaller-oktoberfest.lu\/?post_type=product&#038;p=111"},"modified":"2026-03-07T21:09:09","modified_gmt":"2026-03-07T21:09:09","slug":"kasespatzle-2","status":"publish","type":"product","link":"https:\/\/aischdaller-oktoberfest.lu\/index.php\/product\/kasespatzle-2\/","title":{"rendered":"K\u00e4sesp\u00e4tzle"},"content":{"rendered":"<p>K\u00e4sesp\u00e4tzle mit R\u00f6stzwiebeln<\/p>\n<p>(Vegetarisch)<\/p>\n","protected":false},"excerpt":{"rendered":"<p>17. Oktober 2026<\/p>\n","protected":false},"featured_media":105,"template":"","meta":{"_acf_changed":false},"product_brand":[],"product_cat":[19],"product_tag":[],"class_list":{"0":"post-111","1":"product","2":"type-product","3":"status-publish","4":"has-post-thumbnail","6":"product_cat-17-oktober-2026","8":"first","9":"instock","10":"downloadable","11":"shipping-taxable","12":"purchasable","13":"product-type-simple"},"exclude_global_add_ons":[],"addons":[],"acf":[],"_links":{"self":[{"href":"https:\/\/aischdaller-oktoberfest.lu\/index.php\/wp-json\/wp\/v2\/product\/111","targetHints":{"allow":["GET"]}}],"collection":[{"href":"https:\/\/aischdaller-oktoberfest.lu\/index.php\/wp-json\/wp\/v2\/product"}],"about":[{"href":"https:\/\/aischdaller-oktoberfest.lu\/index.php\/wp-json\/wp\/v2\/types\/product"}],"wp:featuredmedia":[{"embeddable":true,"href":"https:\/\/aischdaller-oktoberfest.lu\/index.php\/wp-json\/wp\/v2\/media\/105"}],"wp:attachment":[{"href":"https:\/\/aischdaller-oktoberfest.lu\/index.php\/wp-json\/wp\/v2\/media?parent=111"}],"wp:term":[{"taxonomy":"product_brand","embeddable":true,"href":"https:\/\/aischdaller-oktoberfest.lu\/index.php\/wp-json\/wp\/v2\/product_brand?post=111"},{"taxonomy":"product_cat","embeddable":true,"href":"https:\/\/aischdaller-oktoberfest.lu\/index.php\/wp-json\/wp\/v2\/product_cat?post=111"},{"taxonomy":"product_tag","embeddable":true,"href":"https:\/\/aischdaller-oktoberfest.lu\/index.php\/wp-json\/wp\/v2\/product_tag?post=111"}],"curies":[{"name":"wp","href":"https:\/\/api.w.org\/{rel}","templated":true}]}}